{"id":10,"date":"2017-01-23T23:09:49","date_gmt":"2017-01-23T21:09:49","guid":{"rendered":"https:\/\/markusjostblog.wordpress.com\/?page_id=2"},"modified":"2025-12-29T10:22:00","modified_gmt":"2025-12-29T10:22:00","slug":"ueber","status":"publish","type":"page","link":"https:\/\/markusjost.ch\/index.php\/ueber\/","title":{"rendered":"\u00dcber den Autor"},"content":{"rendered":"\n<figure class=\"wp-block-image size-medium has-custom-border is-style-rounded wp-duotone-grayscale\"><img loading=\"lazy\" decoding=\"async\" width=\"264\" height=\"300\" src=\"https:\/\/markusjost.ch\/wp-content\/uploads\/2024\/07\/Markus-Jost_Die-Suchenden_1-264x300.jpg\" alt=\"\" class=\"wp-image-339\" style=\"border-style:none;border-width:0px;border-radius:100px\"\/><\/figure>\n\n\n\n<p><a href=\"https:\/\/orcid.org\/0009-0002-4060-1006\">https:\/\/orcid.org\/0009-0002-4060-1006<\/a><\/p>\n\n\n\n<p>Markus A. Jost, geboren 1976, studierte Informationswissenschaften, protestantische und katholische Theologie. Er arbeitet als freier Autor und wissenschaftlicher Bibliothekar f\u00fcr Theologie und Religionswissenschaft an der <a href=\"https:\/\/www.unifr.ch\" target=\"_blank\" rel=\"noopener\">Universit\u00e4t Freiburg (Schweiz)<\/a>. Er lebt mit seiner Familie in der Region Bern. Er war bis 2025 Pr\u00e4sident der im Februar 2024 neu gegr\u00fcndeten <a href=\"https:\/\/fha-ste.ch\" target=\"_blank\" rel=\"noreferrer noopener\">Stiftung T\u00e4ufererbe<\/a> und bis 2025 Vize-Pr\u00e4sident <a href=\"https:\/\/mennonitica.ch\/\" target=\"_blank\" rel=\"noopener\">Schweizerischen Vereins f\u00fcr T\u00e4ufergeschichte<\/a>. Zudem ist er Tour Leader (Anabaptist Tours in Switzerland) f\u00fcr TourMagination.<\/p>\n\n\n\n<p>Markus A. Jost, 1976, th\u00e9ologien et dipl\u00f4m\u00e9 en sciences de l\u2019information, travaille comme auteur libre et biblioth\u00e9caire scientifique \u00e0 l\u2019<a href=\"https:\/\/www.unifr.ch\" target=\"_blank\" rel=\"noopener\">Universit\u00e9 de Fribourg (Suisse)<\/a> . En 2015, il remporte le premier prix du concours d\u2019articles en th\u00e9ologie, d\u00e9cern\u00e9 \u00e0 Leuven, par l\u2019association europ\u00e9enne de th\u00e9ologie catholique. Il est mari\u00e9 et p\u00e8re de trois enfants. Il \u00e9tait jusqu&#8217;au 2025 pr\u00e9sident de la nouvelle <a href=\"https:\/\/fha-ste.ch\" target=\"_blank\" rel=\"noreferrer noopener\">Fondation H\u00e9ritage anabaptiste<\/a> qui a pour but la cr\u00e9ation d&#8217;un centre d&#8217;archives, de recherche et de documentation o\u00f9 sont conserv\u00e9s, class\u00e9s et mis en valeur \u00e0 destination du public et des chercheurs sous la forme d&#8217;expositions, de pr\u00eats, de rencontres, de conf\u00e9rences ou d&#8217;autres manifestations historiques et culturelles tous les \u00e9l\u00e9ments disponibles de l&#8217;histoire anabaptiste-mennonite. Il \u00e9tait jusqu&#8217;au 2025 vice-pr\u00e9sident du comit\u00e9 de la <a href=\"https:\/\/mennonitica.ch\/\" target=\"_blank\" rel=\"noopener\">Soci\u00e9t\u00e9 Suisse d&#8217;Histoire mennonite<\/a>. Il est charg\u00e9 de cours \u00e0 l&#8217;universit\u00e9 <a href=\"https:\/\/www.domuni.eu\/fr\/vie-universitaire\/professeur\/?idTeacher=359\" target=\"_blank\" rel=\"noreferrer noopener\">DOMUNI Universitas<\/a> et Tour Leader (Anabaptist Tours in Switzerland) f\u00fcr TourMagination.<\/p>\n","protected":false},"excerpt":{"rendered":"<p>Dies ist nur eine Kurzfassung der Seite&nbsp;\u201e\u00dcber\u201c.<\/p>\n","protected":false},"author":1,"featured_media":0,"parent":0,"menu_order":1,"comment_status":"closed","ping_status":"closed","template":"","meta":{"footnotes":""},"class_list":["post-10","page","type-page","status-publish","hentry"],"jetpack_sharing_enabled":false,"_links":{"self":[{"href":"https:\/\/markusjost.ch\/index.php\/wp-json\/wp\/v2\/pages\/10","targetHints":{"allow":["GET"]}}],"collection":[{"href":"https:\/\/markusjost.ch\/index.php\/wp-json\/wp\/v2\/pages"}],"about":[{"href":"https:\/\/markusjost.ch\/index.php\/wp-json\/wp\/v2\/types\/page"}],"author":[{"embeddable":true,"href":"https:\/\/markusjost.ch\/index.php\/wp-json\/wp\/v2\/users\/1"}],"replies":[{"embeddable":true,"href":"https:\/\/markusjost.ch\/index.php\/wp-json\/wp\/v2\/comments?post=10"}],"version-history":[{"count":17,"href":"https:\/\/markusjost.ch\/index.php\/wp-json\/wp\/v2\/pages\/10\/revisions"}],"predecessor-version":[{"id":652,"href":"https:\/\/markusjost.ch\/index.php\/wp-json\/wp\/v2\/pages\/10\/revisions\/652"}],"wp:attachment":[{"href":"https:\/\/markusjost.ch\/index.php\/wp-json\/wp\/v2\/media?parent=10"}],"curies":[{"name":"wp","href":"https:\/\/api.w.org\/{rel}","templated":true}]}}